{"id":8,"date":"2025-03-20T13:37:21","date_gmt":"2025-03-20T13:37:21","guid":{"rendered":"https:\/\/test4.klikajinfo.com\/?page_id=8"},"modified":"2025-06-08T16:52:50","modified_gmt":"2025-06-08T16:52:50","slug":"bramy","status":"publish","type":"page","link":"https:\/\/test4.klikajinfo.com\/","title":{"rendered":"Dla przemys\u0142u"},"content":{"rendered":"\t\t<div data-elementor-type=\"wp-page\" data-elementor-id=\"8\" class=\"elementor elementor-8\" data-elementor-post-type=\"page\">\n\t\t\t\t<div class=\"elementor-element elementor-element-9c5aa4e e-flex e-con-boxed e-con e-parent\" data-id=\"9c5aa4e\" data-element_type=\"container\">\n\t\t\t\t\t<div class=\"e-con-inner\">\n\t\t\t\t<div class=\"elementor-element elementor-element-b7719e2 elementor-widget elementor-widget-text-editor\" data-id=\"b7719e2\" data-element_type=\"widget\" data-widget_type=\"text-editor.default\">\n\t\t\t\t<div class=\"elementor-widget-container\">\n\t\t\t\t\t\t\t\t\t<h1 class=\"elementor-heading-title elementor-size-default\">Kompleksowa us\u0142uga<br \/><br \/><\/h1><div class=\"elementor-element elementor-element-c3ad7af elementor-widget elementor-widget-text-editor\" data-id=\"c3ad7af\" data-element_type=\"widget\" data-widget_type=\"text-editor.default\"><h4 class=\"elementor-widget-container\"><span style=\"font-size: 16px;\">Zapewniamy obs\u0142ug\u0119 Klienta w spos\u00f3b kompleksowy, od konsultacji technicznych<br \/>przez dostaw\u0119 towaru, monta\u017c oraz serwis gwarancyjny i pogwarancyjny.<\/span><\/h4><\/div><div class=\"elementor-element elementor-element-c900028 elementor-widget elementor-widget-text-editor\" data-id=\"c900028\" data-element_type=\"widget\" data-widget_type=\"text-editor.default\"><h4 class=\"elementor-widget-container\"><span style=\"font-size: 16px;\">\u015awiadczymy us\u0142ugi w zakresie monta\u017cu i serwisu bram, szlaban\u00f3w i drzwi automatycznych. Zostali\u015bmy przeszkoleni w zakresie monta\u017cu i serwisu przez nast\u0119puj\u0105ce firmy: Wi\u015bniowski, Krispol, H\u00f6rmann, Novoferm, Promstahl, Loading systems, Metalpol, Furmaniak, Domoferm, Nice, Came, Ma\u0142kowski martech, Mercor, DH Polska, G-U, Tormax, Record, Dorma, Big tor, Bramtech, FAAC.<\/span><\/h4><\/div>\t\t\t\t\t\t\t\t<\/div>\n\t\t\t\t<\/div>\n\t\t\t\t\t<\/div>\n\t\t\t\t<\/div>\n\t\t<div class=\"elementor-element elementor-element-258f6f2 e-con-full e-flex e-con e-parent\" data-id=\"258f6f2\" data-element_type=\"container\">\n\t\t<div class=\"elementor-element elementor-element-897b158 e-con-full e-flex e-con e-child\" data-id=\"897b158\" data-element_type=\"container\" data-settings=\"{&quot;background_background&quot;:&quot;classic&quot;}\">\n\t\t<div class=\"elementor-element elementor-element-b603000 e-grid e-con-full e-con e-child\" data-id=\"b603000\" data-element_type=\"container\" data-settings=\"{&quot;background_background&quot;:&quot;classic&quot;}\">\n\t\t\t\t<div class=\"elementor-element elementor-element-e9c74ae elementor-widget elementor-widget-button\" data-id=\"e9c74ae\" data-element_type=\"widget\" data-widget_type=\"button.default\">\n\t\t\t\t<div class=\"elementor-widget-container\">\n\t\t\t\t\t\t\t\t\t<div class=\"elementor-button-wrapper\">\n\t\t\t\t\t<a class=\"elementor-button elementor-button-link elementor-size-sm elementor-animation-grow\" href=\"https:\/\/test4.klikajinfo.com\/index.php\/bramy-2\/\">\n\t\t\t\t\t\t<span class=\"elementor-button-content-wrapper\">\n\t\t\t\t\t\t\t\t\t<span class=\"elementor-button-text\">Bramy gara\u017cowe<\/span>\n\t\t\t\t\t<\/span>\n\t\t\t\t\t<\/a>\n\t\t\t\t<\/div>\n\t\t\t\t\t\t\t\t<\/div>\n\t\t\t\t<\/div>\n\t\t\t\t<\/div>\n\t\t\t\t<\/div>\n\t\t<div class=\"elementor-element elementor-element-deb0f8e e-con-full e-flex e-con e-child\" data-id=\"deb0f8e\" data-element_type=\"container\" data-settings=\"{&quot;background_background&quot;:&quot;classic&quot;}\">\n\t\t<div class=\"elementor-element elementor-element-ca69cbd e-grid e-con-full e-con e-child\" data-id=\"ca69cbd\" data-element_type=\"container\" data-settings=\"{&quot;background_background&quot;:&quot;classic&quot;}\">\n\t\t\t\t<div class=\"elementor-element elementor-element-323d14f elementor-widget elementor-widget-button\" data-id=\"323d14f\" data-element_type=\"widget\" data-widget_type=\"button.default\">\n\t\t\t\t<div class=\"elementor-widget-container\">\n\t\t\t\t\t\t\t\t\t<div class=\"elementor-button-wrapper\">\n\t\t\t\t\t<a class=\"elementor-button elementor-button-link elementor-size-sm elementor-animation-grow\" href=\"https:\/\/test4.klikajinfo.com\/index.php\/okna\/\">\n\t\t\t\t\t\t<span class=\"elementor-button-content-wrapper\">\n\t\t\t\t\t\t\t\t\t<span class=\"elementor-button-text\">Okna i drzwi tarasowe<\/span>\n\t\t\t\t\t<\/span>\n\t\t\t\t\t<\/a>\n\t\t\t\t<\/div>\n\t\t\t\t\t\t\t\t<\/div>\n\t\t\t\t<\/div>\n\t\t\t\t<\/div>\n\t\t\t\t<\/div>\n\t\t<div class=\"elementor-element elementor-element-d0542b0 e-con-full e-flex e-con e-child\" data-id=\"d0542b0\" data-element_type=\"container\" data-settings=\"{&quot;background_background&quot;:&quot;classic&quot;}\">\n\t\t<div class=\"elementor-element elementor-element-004f197 e-grid e-con-full e-con e-child\" data-id=\"004f197\" data-element_type=\"container\" data-settings=\"{&quot;background_background&quot;:&quot;classic&quot;}\">\n\t\t\t\t<div class=\"elementor-element elementor-element-3c450f5 elementor-widget elementor-widget-button\" data-id=\"3c450f5\" data-element_type=\"widget\" data-widget_type=\"button.default\">\n\t\t\t\t<div class=\"elementor-widget-container\">\n\t\t\t\t\t\t\t\t\t<div class=\"elementor-button-wrapper\">\n\t\t\t\t\t<a class=\"elementor-button elementor-button-link elementor-size-sm elementor-animation-grow\" href=\"https:\/\/test4.klikajinfo.com\/index.php\/drzwi\/\">\n\t\t\t\t\t\t<span class=\"elementor-button-content-wrapper\">\n\t\t\t\t\t\t\t\t\t<span class=\"elementor-button-text\">Drzwi<\/span>\n\t\t\t\t\t<\/span>\n\t\t\t\t\t<\/a>\n\t\t\t\t<\/div>\n\t\t\t\t\t\t\t\t<\/div>\n\t\t\t\t<\/div>\n\t\t\t\t<\/div>\n\t\t\t\t<\/div>\n\t\t<div class=\"elementor-element elementor-element-3d86bf1 e-con-full e-flex e-con e-child\" data-id=\"3d86bf1\" data-element_type=\"container\" data-settings=\"{&quot;background_background&quot;:&quot;classic&quot;}\">\n\t\t<div class=\"elementor-element elementor-element-a9e9fbc e-grid e-con-full e-con e-child\" data-id=\"a9e9fbc\" data-element_type=\"container\" data-settings=\"{&quot;background_background&quot;:&quot;classic&quot;}\">\n\t\t\t\t<div class=\"elementor-element elementor-element-65bcb57 elementor-widget elementor-widget-button\" data-id=\"65bcb57\" data-element_type=\"widget\" data-widget_type=\"button.default\">\n\t\t\t\t<div class=\"elementor-widget-container\">\n\t\t\t\t\t\t\t\t\t<div class=\"elementor-button-wrapper\">\n\t\t\t\t\t<a class=\"elementor-button elementor-button-link elementor-size-sm elementor-animation-grow\" href=\"https:\/\/test4.klikajinfo.com\/index.php\/ogrodzenia\/\">\n\t\t\t\t\t\t<span class=\"elementor-button-content-wrapper\">\n\t\t\t\t\t\t\t\t\t<span class=\"elementor-button-text\">Ogrodzenia posesyjne<\/span>\n\t\t\t\t\t<\/span>\n\t\t\t\t\t<\/a>\n\t\t\t\t<\/div>\n\t\t\t\t\t\t\t\t<\/div>\n\t\t\t\t<\/div>\n\t\t\t\t<\/div>\n\t\t\t\t<\/div>\n\t\t\t\t<\/div>\n\t\t<div class=\"elementor-element elementor-element-0bdb4dd e-flex e-con-boxed e-con e-parent\" data-id=\"0bdb4dd\" data-element_type=\"container\">\n\t\t\t\t\t<div class=\"e-con-inner\">\n\t\t\t\t<div class=\"elementor-element elementor-element-bf58996 elementor-widget elementor-widget-text-editor\" data-id=\"bf58996\" data-element_type=\"widget\" data-widget_type=\"text-editor.default\">\n\t\t\t\t<div class=\"elementor-widget-container\">\n\t\t\t\t\t\t\t\t\t<h1 class=\"elementor-heading-title elementor-size-default\">Nasi klienci<\/h1><div class=\"elementor-element elementor-element-c3ad7af elementor-widget elementor-widget-text-editor\" data-id=\"c3ad7af\" data-element_type=\"widget\" data-widget_type=\"text-editor.default\"><div class=\"elementor-widget-container\"><h4><span style=\"font-size: 16px;\">\u015awiadczymy us\u0142ugi dla takich firm jak np. Skanska S.A., WIPASZ, Sharp, International Paper Kwidzyn S.A., Swedwood, Philips Consumer Electronics, Visotec Socha, Vorwerk Autotec Polska, SAMINDRUK, IGLOTEX, SITS, Centrum Mi\u0119sne \u201cSOKO\u0141\u00d3W\u201d, Koncern Energetyczny ENERGA S.A., Nadwi\u015bla\u0144ska S.A., ZUS, PLL-LOT OK\u0118CIE (pawilon rz\u0105dowy \u2013 odprawa VIP), porty promowe \u2013 \u015awinouj\u015bcie, Shell, Statoil, DEA, Conocophilips Poland, LG, BS, Millennium, BG\u017b, WBK, PKO, PBK, Multibank, IKEA, ALBERT, VIKI, PIGO, LIDL, HYPERNOVA, REAL, TESCO, Geant, Kaufland, Makro, BILLA, Carrefour, Champion, Biedronka, Politechnika Gda\u0144ska, UWM Olsztyn, UMK Toru\u0144, Instytut Matki i Dziecka.<\/span><\/h4><\/div><\/div>\t\t\t\t\t\t\t\t<\/div>\n\t\t\t\t<\/div>\n\t\t\t\t\t<\/div>\n\t\t\t\t<\/div>\n\t\t<div class=\"elementor-element elementor-element-d5295a6 e-flex e-con-boxed e-con e-parent\" data-id=\"d5295a6\" data-element_type=\"container\">\n\t\t\t\t\t<div class=\"e-con-inner\">\n\t\t\t\t<div class=\"elementor-element elementor-element-98216c2 elementor-widget elementor-widget-image-carousel\" data-id=\"98216c2\" data-element_type=\"widget\" data-settings=\"{&quot;slides_to_show&quot;:&quot;6&quot;,&quot;navigation&quot;:&quot;none&quot;,&quot;autoplay_speed&quot;:1000,&quot;speed&quot;:200,&quot;slides_to_show_mobile&quot;:&quot;3&quot;,&quot;autoplay&quot;:&quot;yes&quot;,&quot;pause_on_hover&quot;:&quot;yes&quot;,&quot;pause_on_interaction&quot;:&quot;yes&quot;,&quot;infinite&quot;:&quot;yes&quot;}\" data-widget_type=\"image-carousel.default\">\n\t\t\t\t<div class=\"elementor-widget-container\">\n\t\t\t\t\t\t\t<div class=\"elementor-image-carousel-wrapper swiper\" role=\"region\" aria-roledescription=\"carousel\" aria-label=\"Karuzela obrazk\u00f3w\" dir=\"ltr\">\n\t\t\t<div class=\"elementor-image-carousel swiper-wrapper\" aria-live=\"off\">\n\t\t\t\t\t\t\t\t<div class=\"swiper-slide\" role=\"group\" aria-roledescription=\"slide\" aria-label=\"1 z 20\"><figure class=\"swiper-slide-inner\"><img decoding=\"async\" class=\"swiper-slide-image\" src=\"https:\/\/test4.klikajinfo.com\/wp-content\/uploads\/2025\/03\/bigtor.jpg\" alt=\"bigtor\" \/><\/figure><\/div><div class=\"swiper-slide\" role=\"group\" aria-roledescription=\"slide\" aria-label=\"2 z 20\"><figure class=\"swiper-slide-inner\"><img decoding=\"async\" class=\"swiper-slide-image\" src=\"https:\/\/test4.klikajinfo.com\/wp-content\/uploads\/2025\/03\/bramtech.jpg\" alt=\"bramtech\" \/><\/figure><\/div><div class=\"swiper-slide\" role=\"group\" aria-roledescription=\"slide\" aria-label=\"3 z 20\"><figure class=\"swiper-slide-inner\"><img decoding=\"async\" class=\"swiper-slide-image\" src=\"https:\/\/test4.klikajinfo.com\/wp-content\/uploads\/2025\/03\/came.jpg\" alt=\"came\" \/><\/figure><\/div><div class=\"swiper-slide\" role=\"group\" aria-roledescription=\"slide\" aria-label=\"4 z 20\"><figure class=\"swiper-slide-inner\"><img decoding=\"async\" class=\"swiper-slide-image\" src=\"https:\/\/test4.klikajinfo.com\/wp-content\/uploads\/2025\/03\/dh.jpg\" alt=\"dh\" \/><\/figure><\/div><div class=\"swiper-slide\" role=\"group\" aria-roledescription=\"slide\" aria-label=\"5 z 20\"><figure class=\"swiper-slide-inner\"><img decoding=\"async\" class=\"swiper-slide-image\" src=\"https:\/\/test4.klikajinfo.com\/wp-content\/uploads\/2025\/03\/Domoferm.jpg\" alt=\"Domoferm\" \/><\/figure><\/div><div class=\"swiper-slide\" role=\"group\" aria-roledescription=\"slide\" aria-label=\"6 z 20\"><figure class=\"swiper-slide-inner\"><img decoding=\"async\" class=\"swiper-slide-image\" src=\"https:\/\/test4.klikajinfo.com\/wp-content\/uploads\/2025\/03\/dorma.jpg\" alt=\"dorma\" \/><\/figure><\/div><div class=\"swiper-slide\" role=\"group\" aria-roledescription=\"slide\" aria-label=\"7 z 20\"><figure class=\"swiper-slide-inner\"><img decoding=\"async\" class=\"swiper-slide-image\" src=\"https:\/\/test4.klikajinfo.com\/wp-content\/uploads\/2025\/03\/g-u.jpg\" alt=\"g-u\" \/><\/figure><\/div><div class=\"swiper-slide\" role=\"group\" aria-roledescription=\"slide\" aria-label=\"8 z 20\"><figure class=\"swiper-slide-inner\"><img decoding=\"async\" class=\"swiper-slide-image\" src=\"https:\/\/test4.klikajinfo.com\/wp-content\/uploads\/2025\/03\/hormann.jpg\" alt=\"hormann\" \/><\/figure><\/div><div class=\"swiper-slide\" role=\"group\" aria-roledescription=\"slide\" aria-label=\"9 z 20\"><figure class=\"swiper-slide-inner\"><img decoding=\"async\" class=\"swiper-slide-image\" src=\"https:\/\/test4.klikajinfo.com\/wp-content\/uploads\/2025\/03\/krispol.jpg\" alt=\"krispol\" \/><\/figure><\/div><div class=\"swiper-slide\" role=\"group\" aria-roledescription=\"slide\" aria-label=\"10 z 20\"><figure class=\"swiper-slide-inner\"><img decoding=\"async\" class=\"swiper-slide-image\" src=\"https:\/\/test4.klikajinfo.com\/wp-content\/uploads\/2025\/03\/loading-systems.jpg\" alt=\"loading-systems\" \/><\/figure><\/div><div class=\"swiper-slide\" role=\"group\" aria-roledescription=\"slide\" aria-label=\"11 z 20\"><figure class=\"swiper-slide-inner\"><img decoding=\"async\" class=\"swiper-slide-image\" src=\"https:\/\/test4.klikajinfo.com\/wp-content\/uploads\/2025\/03\/martech.jpg\" alt=\"martech\" \/><\/figure><\/div><div class=\"swiper-slide\" role=\"group\" aria-roledescription=\"slide\" aria-label=\"12 z 20\"><figure class=\"swiper-slide-inner\"><img decoding=\"async\" class=\"swiper-slide-image\" src=\"https:\/\/test4.klikajinfo.com\/wp-content\/uploads\/2025\/03\/mercor.jpg\" alt=\"mercor\" \/><\/figure><\/div><div class=\"swiper-slide\" role=\"group\" aria-roledescription=\"slide\" aria-label=\"13 z 20\"><figure class=\"swiper-slide-inner\"><img decoding=\"async\" class=\"swiper-slide-image\" src=\"https:\/\/test4.klikajinfo.com\/wp-content\/uploads\/2025\/03\/mercor2.jpg\" alt=\"mercor2\" \/><\/figure><\/div><div class=\"swiper-slide\" role=\"group\" aria-roledescription=\"slide\" aria-label=\"14 z 20\"><figure class=\"swiper-slide-inner\"><img decoding=\"async\" class=\"swiper-slide-image\" src=\"https:\/\/test4.klikajinfo.com\/wp-content\/uploads\/2025\/03\/metal-pol.jpg\" alt=\"metal-pol\" \/><\/figure><\/div><div class=\"swiper-slide\" role=\"group\" aria-roledescription=\"slide\" aria-label=\"15 z 20\"><figure class=\"swiper-slide-inner\"><img decoding=\"async\" class=\"swiper-slide-image\" src=\"https:\/\/test4.klikajinfo.com\/wp-content\/uploads\/2025\/03\/nice.jpg\" alt=\"nice\" \/><\/figure><\/div><div class=\"swiper-slide\" role=\"group\" aria-roledescription=\"slide\" aria-label=\"16 z 20\"><figure class=\"swiper-slide-inner\"><img decoding=\"async\" class=\"swiper-slide-image\" src=\"https:\/\/test4.klikajinfo.com\/wp-content\/uploads\/2025\/03\/novoferm.jpg\" alt=\"novoferm\" \/><\/figure><\/div><div class=\"swiper-slide\" role=\"group\" aria-roledescription=\"slide\" aria-label=\"17 z 20\"><figure class=\"swiper-slide-inner\"><img decoding=\"async\" class=\"swiper-slide-image\" src=\"https:\/\/test4.klikajinfo.com\/wp-content\/uploads\/2025\/03\/prom-stahl.jpg\" alt=\"prom-stahl\" \/><\/figure><\/div><div class=\"swiper-slide\" role=\"group\" aria-roledescription=\"slide\" aria-label=\"18 z 20\"><figure class=\"swiper-slide-inner\"><img decoding=\"async\" class=\"swiper-slide-image\" src=\"https:\/\/test4.klikajinfo.com\/wp-content\/uploads\/2025\/03\/record.jpg\" alt=\"record\" \/><\/figure><\/div><div class=\"swiper-slide\" role=\"group\" aria-roledescription=\"slide\" aria-label=\"19 z 20\"><figure class=\"swiper-slide-inner\"><img decoding=\"async\" class=\"swiper-slide-image\" src=\"https:\/\/test4.klikajinfo.com\/wp-content\/uploads\/2025\/03\/tormax.jpg\" alt=\"tormax\" \/><\/figure><\/div><div class=\"swiper-slide\" role=\"group\" aria-roledescription=\"slide\" aria-label=\"20 z 20\"><figure class=\"swiper-slide-inner\"><img decoding=\"async\" class=\"swiper-slide-image\" src=\"https:\/\/test4.klikajinfo.com\/wp-content\/uploads\/2025\/03\/wisniowski.jpg\" alt=\"wisniowski\" \/><\/figure><\/div>\t\t\t<\/div>\n\t\t\t\t\t\t\t\n\t\t\t\t\t\t\t\t\t<\/div>\n\t\t\t\t\t\t<\/div>\n\t\t\t\t<\/div>\n\t\t\t\t\t<\/div>\n\t\t\t\t<\/div>\n\t\t\t\t<\/div>\n\t\t","protected":false},"excerpt":{"rendered":"<p>Kompleksowa us\u0142uga Zapewniamy obs\u0142ug\u0119 Klienta w spos\u00f3b kompleksowy, od konsultacji technicznychprzez dostaw\u0119 towaru, monta\u017c oraz serwis gwarancyjny i pogwarancyjny. \u015awiadczymy us\u0142ugi w zakresie monta\u017cu i serwisu bram, szlaban\u00f3w i drzwi automatycznych. Zostali\u015bmy przeszkoleni w zakresie monta\u017cu i serwisu przez nast\u0119puj\u0105ce firmy: Wi\u015bniowski, Krispol, H\u00f6rmann, Novoferm, Promstahl, Loading systems, Metalpol, Furmaniak, Domoferm, Nice, Came, Ma\u0142kowski martech, [&hellip;]<\/p>\n","protected":false},"author":1,"featured_media":0,"parent":0,"menu_order":0,"comment_status":"closed","ping_status":"closed","template":"","meta":{"ocean_post_layout":"full-screen","ocean_both_sidebars_style":"","ocean_both_sidebars_content_width":0,"ocean_both_sidebars_sidebars_width":0,"ocean_sidebar":"","ocean_second_sidebar":"","ocean_disable_margins":"enable","ocean_add_body_class":"","ocean_shortcode_before_top_bar":"","ocean_shortcode_after_top_bar":"[elementor-template id=\"23\"]","ocean_shortcode_before_header":"","ocean_shortcode_after_header":"[rev_slider alias=\"Kaczynski-demo\"][\/rev_slider]","ocean_has_shortcode":"","ocean_shortcode_after_title":"","ocean_shortcode_before_footer_widgets":"","ocean_shortcode_after_footer_widgets":"[elementor-template id=\"142\"]","ocean_shortcode_before_footer_bottom":"","ocean_shortcode_after_footer_bottom":"","ocean_display_top_bar":"default","ocean_display_header":"default","ocean_header_style":"","ocean_center_header_left_menu":"","ocean_custom_header_template":"","ocean_custom_logo":0,"ocean_custom_retina_logo":0,"ocean_custom_logo_max_width":0,"ocean_custom_logo_tablet_max_width":0,"ocean_custom_logo_mobile_max_width":0,"ocean_custom_logo_max_height":0,"ocean_custom_logo_tablet_max_height":0,"ocean_custom_logo_mobile_max_height":0,"ocean_header_custom_menu":"","ocean_menu_typo_font_family":"","ocean_menu_typo_font_subset":"","ocean_menu_typo_font_size":0,"ocean_menu_typo_font_size_tablet":0,"ocean_menu_typo_font_size_mobile":0,"ocean_menu_typo_font_size_unit":"px","ocean_menu_typo_font_weight":"","ocean_menu_typo_font_weight_tablet":"","ocean_menu_typo_font_weight_mobile":"","ocean_menu_typo_transform":"","ocean_menu_typo_transform_tablet":"","ocean_menu_typo_transform_mobile":"","ocean_menu_typo_line_height":0,"ocean_menu_typo_line_height_tablet":0,"ocean_menu_typo_line_height_mobile":0,"ocean_menu_typo_line_height_unit":"","ocean_menu_typo_spacing":0,"ocean_menu_typo_spacing_tablet":0,"ocean_menu_typo_spacing_mobile":0,"ocean_menu_typo_spacing_unit":"","ocean_menu_link_color":"","ocean_menu_link_color_hover":"","ocean_menu_link_color_active":"","ocean_menu_link_background":"","ocean_menu_link_hover_background":"","ocean_menu_link_active_background":"","ocean_menu_social_links_bg":"","ocean_menu_social_hover_links_bg":"","ocean_menu_social_links_color":"","ocean_menu_social_hover_links_color":"","ocean_disable_title":"default","ocean_disable_heading":"default","ocean_post_title":"","ocean_post_subheading":"","ocean_post_title_style":"","ocean_post_title_background_color":"","ocean_post_title_background":0,"ocean_post_title_bg_image_position":"","ocean_post_title_bg_image_attachment":"","ocean_post_title_bg_image_repeat":"","ocean_post_title_bg_image_size":"","ocean_post_title_height":0,"ocean_post_title_bg_overlay":0.5,"ocean_post_title_bg_overlay_color":"","ocean_disable_breadcrumbs":"default","ocean_breadcrumbs_color":"","ocean_breadcrumbs_separator_color":"","ocean_breadcrumbs_links_color":"","ocean_breadcrumbs_links_hover_color":"","ocean_display_footer_widgets":"default","ocean_display_footer_bottom":"default","ocean_custom_footer_template":"","footnotes":""},"class_list":["post-8","page","type-page","status-publish","hentry","entry"],"_links":{"self":[{"href":"https:\/\/test4.klikajinfo.com\/index.php\/wp-json\/wp\/v2\/pages\/8","targetHints":{"allow":["GET"]}}],"collection":[{"href":"https:\/\/test4.klikajinfo.com\/index.php\/wp-json\/wp\/v2\/pages"}],"about":[{"href":"https:\/\/test4.klikajinfo.com\/index.php\/wp-json\/wp\/v2\/types\/page"}],"author":[{"embeddable":true,"href":"https:\/\/test4.klikajinfo.com\/index.php\/wp-json\/wp\/v2\/users\/1"}],"replies":[{"embeddable":true,"href":"https:\/\/test4.klikajinfo.com\/index.php\/wp-json\/wp\/v2\/comments?post=8"}],"version-history":[{"count":183,"href":"https:\/\/test4.klikajinfo.com\/index.php\/wp-json\/wp\/v2\/pages\/8\/revisions"}],"predecessor-version":[{"id":644,"href":"https:\/\/test4.klikajinfo.com\/index.php\/wp-json\/wp\/v2\/pages\/8\/revisions\/644"}],"wp:attachment":[{"href":"https:\/\/test4.klikajinfo.com\/index.php\/wp-json\/wp\/v2\/media?parent=8"}],"curies":[{"name":"wp","href":"https:\/\/api.w.org\/{rel}","templated":true}]}}